{"id":157,"date":"2021-02-06T13:26:01","date_gmt":"2021-02-06T13:26:01","guid":{"rendered":"https:\/\/klbtheme.com\/cosmetsy\/?post_type=product&#038;p=157"},"modified":"2025-06-20T12:37:37","modified_gmt":"2025-06-20T12:37:37","slug":"benefit-cosmetics-benetint","status":"publish","type":"product","link":"https:\/\/belsancosmetica.com\/index.php\/product\/benefit-cosmetics-benetint\/","title":{"rendered":"SPRAY DE PROP\u00d3LEO Y EQUIN\u00c1CEA 40ml."},"content":{"rendered":"<div class=\"page\" title=\"Page 1\">\n<div class=\"section\">\n<div class=\"layoutArea\">\n<div class=\"column\">\n<div class=\"page\" title=\"Page 1\">\n<div class=\"section\">\n<div class=\"layoutArea\">\n<div class=\"column\">\n<p>Ingredientes Activos: Propo\u0301leo, Equina\u0301cea, Aceites Esenciales.<br \/>\nModo de uso: Abra la boca y aplique con el atomizador directo en la garganta,<\/p>\n<p>una a dos descargas 3 veces al di\u0301a.<\/p>\n<p>Precauciones: Para uso interno. Mante\u0301ngase fuera del alcance de los nin\u0303os. Evite el contacto con los ojos. Si presenta hipersensibilidad a alguno de los componentes de la formula suspenda su uso y consulte a su me\u0301dico. Mantenga el producto en un lugar fresco y seco.<\/p>\n<p>Contenido neto: 40ml. (46g.)<\/p>\n<\/div>\n<\/div>\n<\/div>\n<\/div>\n<ul>\n<li>Spray Antiviral, Inmuno Estimulante, Anti inflamatorio<\/li>\n<li>Ayuda a Combatir Gripes, Tos y Mucosidad o resequedad de Garganta<\/li>\n<li>U\u0301til en Anginas, Garganta inflamada, Aftas, Faringitis, Abscesos Bucales<\/li>\n<li>Problemas de Alitosis (mal olor bucal)<\/li>\n<li>Contiene Poca Miel y Endulzante Apto para Diabe\u0301ticos<\/li>\n<li>Libre de Parabenos<\/li>\n<li>No Probado en Animales<\/li>\n<\/ul>\n<\/div>\n<\/div>\n<\/div>\n<\/div>\n","protected":false},"excerpt":{"rendered":"<p><span style=\"font-weight: 400;\">El Spray de Prop\u00f3leo y Bugambilia Lenitive, es un antibacterial de administraci\u00f3n oral, auxiliar para el tratamiento de resfriados, tos, dolor de garganta, resequedad y mal aliento. Por su pr\u00e1ctica presentaci\u00f3n resulta ideal para llevarlo a cualquier parte, de ese modo no tendr\u00e1 que quedarse en casa a medicarse antes de sentirse mejor.<\/span><\/p>\n<p><img fetchpriority=\"high\" decoding=\"async\" class=\"alignnone wp-image-2280 size-full\" src=\"http:\/\/belsancosmetica.com\/wp-content\/uploads\/2023\/05\/Sellos.jpg\" alt=\"\" width=\"800\" height=\"168\" srcset=\"https:\/\/belsancosmetica.com\/wp-content\/uploads\/2023\/05\/Sellos.jpg 800w, https:\/\/belsancosmetica.com\/wp-content\/uploads\/2023\/05\/Sellos-300x63.jpg 300w, https:\/\/belsancosmetica.com\/wp-content\/uploads\/2023\/05\/Sellos-768x161.jpg 768w, https:\/\/belsancosmetica.com\/wp-content\/uploads\/2023\/05\/Sellos-90x19.jpg 90w\" sizes=\"(max-width: 800px) 100vw, 800px\" \/><\/p>\n<div class=\"descuentos\">\n<p><strong>DESCUENTOS:<\/strong><strong>15% a partir de 2,000 pesos &#8211; Usa el c\u00f3digo: <em>distribuidor15<\/em> en el checkout<\/strong><\/p>\n<p><strong>30% a partir de 6,000 pesos &#8211; Usa el c\u00f3digo: <em>distribuidor30<\/em> en el checkout<\/strong><\/p>\n<p><strong>40% a partir de 10,000 pesos &#8211; Usa el c\u00f3digo: <em>distribuidor40<\/em> en el checkout<\/strong><\/p>\n<\/div>\n","protected":false},"featured_media":2149,"comment_status":"open","ping_status":"closed","template":"","meta":{"_themeisle_gutenberg_block_has_review":false},"product_cat":[92],"product_tag":[],"class_list":{"0":"post-157","1":"product","2":"type-product","3":"status-publish","4":"has-post-thumbnail","6":"product_cat-lenitive-terapeuticos","8":"first","9":"instock","10":"shipping-taxable","11":"purchasable","12":"product-type-simple"},"aioseo_notices":[],"_links":{"self":[{"href":"https:\/\/belsancosmetica.com\/index.php\/wp-json\/wp\/v2\/product\/157","targetHints":{"allow":["GET"]}}],"collection":[{"href":"https:\/\/belsancosmetica.com\/index.php\/wp-json\/wp\/v2\/product"}],"about":[{"href":"https:\/\/belsancosmetica.com\/index.php\/wp-json\/wp\/v2\/types\/product"}],"replies":[{"embeddable":true,"href":"https:\/\/belsancosmetica.com\/index.php\/wp-json\/wp\/v2\/comments?post=157"}],"wp:featuredmedia":[{"embeddable":true,"href":"https:\/\/belsancosmetica.com\/index.php\/wp-json\/wp\/v2\/media\/2149"}],"wp:attachment":[{"href":"https:\/\/belsancosmetica.com\/index.php\/wp-json\/wp\/v2\/media?parent=157"}],"wp:term":[{"taxonomy":"product_cat","embeddable":true,"href":"https:\/\/belsancosmetica.com\/index.php\/wp-json\/wp\/v2\/product_cat?post=157"},{"taxonomy":"product_tag","embeddable":true,"href":"https:\/\/belsancosmetica.com\/index.php\/wp-json\/wp\/v2\/product_tag?post=157"}],"curies":[{"name":"wp","href":"https:\/\/api.w.org\/{rel}","templated":true}]}}