{"id":151,"date":"2021-02-06T13:19:26","date_gmt":"2021-02-06T13:19:26","guid":{"rendered":"https:\/\/klbtheme.com\/cosmetsy\/?post_type=product&#038;p=151"},"modified":"2025-06-20T12:40:00","modified_gmt":"2025-06-20T12:40:00","slug":"olaplex-no-7-bonding-oil","status":"publish","type":"product","link":"https:\/\/belsancosmetica.com\/index.php\/product\/olaplex-no-7-bonding-oil\/","title":{"rendered":"CREMA REPELENTE 100g."},"content":{"rendered":"<div class=\"page\" title=\"Page 1\">\n<div class=\"section\">\n<div class=\"layoutArea\">\n<div class=\"column\">\n<p>Ingredientes Activos: Azadirachta indica, aceite de semilla de melia azadirachta, limonoides, syzygium aromaticum, Cinnamomun zeylanicum Ness, Eucalyptus globulus, Quassia amara, aceites esenciales.<\/p>\n<p>Modo de uso: Aplicar suficiente crema repelente en las zonas de cara y cuerpo que desee proteger, el efecto de este repelente dura de 4-6 horas en la piel, si asi\u0301 lo requiere vuelva aplicarlo una vez pasado su efecto, esta crema repele mosquitos, zancudos y otros insectos.<\/p>\n<p>Precauciones: Solo para uso externo. Mante\u0301ngase fuera del alcance de los nin\u0303os. Evite el contacto con los ojos. Si presenta hipersensibilidad a alguno de los componentes de la formula suspenda su uso y consulte a su me\u0301dico. Debera\u0301 evitarse la aplicacio\u0301n en zonas con lesio\u0301n expuesta. Mantenga el producto en un lugar fresco y seco.<\/p>\n<p>Contenido neto: 100g.<\/p>\n<div class=\"page\" title=\"Page 1\">\n<div class=\"section\">\n<div class=\"layoutArea\">\n<div class=\"column\">\n<p>CLAIMS:<\/p>\n<ul>\n<li>Amigable con el Ambiente<\/li>\n<li>Fo\u0301rmula Natural sin To\u0301xicos<\/li>\n<li>Con Aceites Esenciales y Limonoides<\/li>\n<li>Con Extractos Naturales y Karite\u0301<\/li>\n<li>U\u0301til contra Piquetes de Mosquitos<\/li>\n<li>Crema de Uso Corporal y Facial<\/li>\n<li>Para Todo Tipo de Piel<\/li>\n<li>Puede usarse en Bebe\u0301s a partir de 2 meses<\/li>\n<li>Libre de Parabenos<\/li>\n<li>No Probado en Animales<\/li>\n<\/ul>\n<\/div>\n<\/div>\n<\/div>\n<\/div>\n<\/div>\n<\/div>\n<\/div>\n<\/div>\n","protected":false},"excerpt":{"rendered":"<p><span style=\"font-weight: 400;\">La Crema repelente de Insectos Lenitive es una crema de uso t\u00f3pico que te salvara de m\u00e1s una cuando tengas que lidiar con esos molestos mosquitos y zancudos. Su f\u00f3rmula libre de t\u00f3xicos y parabenos, contiene ingredientes naturales tales como aceites esenciales, limonoides, extractos naturales y Karit\u00e9. Sin duda un aliado eficaz que no puede faltar en casa.\u00a0<\/span><\/p>\n<p><span style=\"font-weight: 400;\">Ideal para toda la familia. Inofensivo incluso para bebes a partir de dos meses de edad.<\/span><\/p>\n<p><img fetchpriority=\"high\" decoding=\"async\" class=\"alignnone wp-image-2280 size-full\" src=\"http:\/\/belsancosmetica.com\/wp-content\/uploads\/2023\/05\/Sellos.jpg\" alt=\"\" width=\"800\" height=\"168\" srcset=\"https:\/\/belsancosmetica.com\/wp-content\/uploads\/2023\/05\/Sellos.jpg 800w, https:\/\/belsancosmetica.com\/wp-content\/uploads\/2023\/05\/Sellos-300x63.jpg 300w, https:\/\/belsancosmetica.com\/wp-content\/uploads\/2023\/05\/Sellos-768x161.jpg 768w, https:\/\/belsancosmetica.com\/wp-content\/uploads\/2023\/05\/Sellos-90x19.jpg 90w\" sizes=\"(max-width: 800px) 100vw, 800px\" \/><\/p>\n<div class=\"descuentos\">\n<p><strong>DESCUENTOS:<\/strong><strong>15% a partir de 2,000 pesos &#8211; Usa el c\u00f3digo: <em>distribuidor15<\/em> en el checkout<\/strong><\/p>\n<p><strong>30% a partir de 6,000 pesos &#8211; Usa el c\u00f3digo: <em>distribuidor30<\/em> en el checkout<\/strong><\/p>\n<p><strong>40% a partir de 10,000 pesos &#8211; Usa el c\u00f3digo: <em>distribuidor40<\/em> en el checkout<\/strong><\/p>\n<\/div>\n","protected":false},"featured_media":2151,"comment_status":"open","ping_status":"closed","template":"","meta":{"_themeisle_gutenberg_block_has_review":false},"product_cat":[92],"product_tag":[],"class_list":{"0":"post-151","1":"product","2":"type-product","3":"status-publish","4":"has-post-thumbnail","6":"product_cat-lenitive-terapeuticos","8":"first","9":"instock","10":"shipping-taxable","11":"purchasable","12":"product-type-simple"},"aioseo_notices":[],"_links":{"self":[{"href":"https:\/\/belsancosmetica.com\/index.php\/wp-json\/wp\/v2\/product\/151","targetHints":{"allow":["GET"]}}],"collection":[{"href":"https:\/\/belsancosmetica.com\/index.php\/wp-json\/wp\/v2\/product"}],"about":[{"href":"https:\/\/belsancosmetica.com\/index.php\/wp-json\/wp\/v2\/types\/product"}],"replies":[{"embeddable":true,"href":"https:\/\/belsancosmetica.com\/index.php\/wp-json\/wp\/v2\/comments?post=151"}],"wp:featuredmedia":[{"embeddable":true,"href":"https:\/\/belsancosmetica.com\/index.php\/wp-json\/wp\/v2\/media\/2151"}],"wp:attachment":[{"href":"https:\/\/belsancosmetica.com\/index.php\/wp-json\/wp\/v2\/media?parent=151"}],"wp:term":[{"taxonomy":"product_cat","embeddable":true,"href":"https:\/\/belsancosmetica.com\/index.php\/wp-json\/wp\/v2\/product_cat?post=151"},{"taxonomy":"product_tag","embeddable":true,"href":"https:\/\/belsancosmetica.com\/index.php\/wp-json\/wp\/v2\/product_tag?post=151"}],"curies":[{"name":"wp","href":"https:\/\/api.w.org\/{rel}","templated":true}]}}