{"id":148,"date":"2021-02-06T13:14:32","date_gmt":"2021-02-06T13:14:32","guid":{"rendered":"https:\/\/klbtheme.com\/cosmetsy\/?post_type=product&#038;p=148"},"modified":"2025-08-22T06:40:44","modified_gmt":"2025-08-22T06:40:44","slug":"hydrating-longwear-foundation","status":"publish","type":"product","link":"https:\/\/belsancosmetica.com\/index.php\/product\/hydrating-longwear-foundation\/","title":{"rendered":"COL\u00c1GENO HIDROLIZADO Polvo 200g."},"content":{"rendered":"<div class=\"page\" title=\"Page 1\">\n<div class=\"layoutArea\">\n<div class=\"column\">\n<p>Modo de uso: Tomar 8g. De cola\u0301geno (1 cuch. Sopera rasa aprox.) Diario, diluido en cualquier jugo de preferencia ci\u0301trico, si padece Artritis o desgaste de carti\u0301lago, to\u0301melo 2 veces al di\u0301a, siempre con una bebida que contenga vitamina C<\/p>\n<p>Precauciones: para uso oral o aplicado, mante\u0301ngase fuera del alcance de los nin\u0303os, si presenta alguna reaccio\u0301n adversa suspenda su uso y consulte a su me\u0301dico, mante\u0301ngase en un lugar fresco y seco.<\/p>\n<p>Contenido neto: 200g.<\/p>\n<div class=\"page\" title=\"Page 1\">\n<div class=\"layoutArea\">\n<div class=\"column\">\n<ul>\n<li>Pe\u0301ptidos de Cola\u0301geno, elementos ba\u0301sicos para una Piel ma\u0301s Joven<\/li>\n<li>Promueve la Elasticidad y Firmeza de la piel<\/li>\n<li>100% cola\u0301geno hidrolizado (sin ningu\u0301n agregado)<\/li>\n<li>La Protei\u0301na perfecta para la salud de Huesos yArticulaciones<\/li>\n<li>Piel ma\u0301s Suave, menos Arrugas<\/li>\n<li>Cola\u0301geno hidrolizados tipo 1, el mismo cola\u0301genopresente en Huesos y Piel del Humano<\/li>\n<li>Es un producto bio activo Natural de Alta Pureza,contiene ma\u0301s del 97% de Protei\u0301na<\/li>\n<li>Se incorpora fa\u0301cilmente en Alimentos, Bebidas,Barritas nutritivas, Mascarillas, Prod. Cosme\u0301ticos<\/li>\n<li>Protei\u0301na de alta calidad en Control de Peso y Nutricio\u0301nDeportiva<\/li>\n<li>U\u0301til en Artritis y Dolores Musculares<\/li>\n<li>No es Alerge\u0301nico<\/li>\n<li>Libre de Grasas y Carbohidratos<\/li>\n<li>Contiene 20 Aminoa\u0301cidos, incluidos 8 de los 9esenciales<\/li>\n<li>Cola\u0301geno Hidrolizado de Pescado, Bovino y Porcino<\/li>\n<li>Libre de conservadores<\/li>\n<\/ul>\n<\/div>\n<\/div>\n<\/div>\n<\/div>\n<\/div>\n<\/div>\n","protected":false},"excerpt":{"rendered":"<p><span style=\"font-weight: 400;\">El Col\u00e1geno hidrolizado Lenitive, es una mol\u00e9cula proteica cuya principal funci\u00f3n es crear y mantener las estructuras de los tejidos que forman el organismo. El col\u00e1geno hidrolizado es de tipo 1, es decir, el mismo col\u00e1geno presente en Huesos y Piel humana. Es un producto bio activo Natural de Alta Pureza, que contiene m\u00e1s del 97% de prote\u00edna libre de grasas, carbohidratos y conservadores.<\/span><\/p>\n<p><span style=\"font-weight: 400;\">Por su presentaci\u00f3n hidrolizada, se disuelve e incorpora f\u00e1cilmente en alimentos y bebidas de consumo, as\u00ed como en mascarillas y cosm\u00e9ticos a temperaturas tanto fr\u00edas o calientes (No es alerg\u00e9nico)<\/span><\/p>\n<p><img fetchpriority=\"high\" decoding=\"async\" class=\"alignnone wp-image-2280 size-full\" src=\"http:\/\/belsancosmetica.com\/wp-content\/uploads\/2023\/05\/Sellos.jpg\" alt=\"\" width=\"800\" height=\"168\" srcset=\"https:\/\/belsancosmetica.com\/wp-content\/uploads\/2023\/05\/Sellos.jpg 800w, https:\/\/belsancosmetica.com\/wp-content\/uploads\/2023\/05\/Sellos-300x63.jpg 300w, https:\/\/belsancosmetica.com\/wp-content\/uploads\/2023\/05\/Sellos-768x161.jpg 768w, https:\/\/belsancosmetica.com\/wp-content\/uploads\/2023\/05\/Sellos-90x19.jpg 90w\" sizes=\"(max-width: 800px) 100vw, 800px\" \/><\/p>\n<div class=\"descuentos\">\n<p><strong>DESCUENTOS:<\/strong><strong>15% a partir de 2,000 pesos &#8211; Usa el c\u00f3digo: <em>distribuidor15<\/em> en el checkout<\/strong><\/p>\n<p><strong>30% a partir de 6,000 pesos &#8211; Usa el c\u00f3digo: <em>distribuidor30<\/em> en el checkout<\/strong><\/p>\n<p><strong>40% a partir de 10,000 pesos &#8211; Usa el c\u00f3digo: <em>distribuidor40<\/em> en el checkout<\/strong><\/p>\n<\/div>\n","protected":false},"featured_media":1959,"comment_status":"open","ping_status":"closed","template":"","meta":{"_themeisle_gutenberg_block_has_review":false},"product_cat":[92],"product_tag":[],"class_list":{"0":"post-148","1":"product","2":"type-product","3":"status-publish","4":"has-post-thumbnail","6":"product_cat-lenitive-terapeuticos","8":"first","9":"instock","10":"shipping-taxable","11":"purchasable","12":"product-type-simple"},"aioseo_notices":[],"_links":{"self":[{"href":"https:\/\/belsancosmetica.com\/index.php\/wp-json\/wp\/v2\/product\/148","targetHints":{"allow":["GET"]}}],"collection":[{"href":"https:\/\/belsancosmetica.com\/index.php\/wp-json\/wp\/v2\/product"}],"about":[{"href":"https:\/\/belsancosmetica.com\/index.php\/wp-json\/wp\/v2\/types\/product"}],"replies":[{"embeddable":true,"href":"https:\/\/belsancosmetica.com\/index.php\/wp-json\/wp\/v2\/comments?post=148"}],"wp:featuredmedia":[{"embeddable":true,"href":"https:\/\/belsancosmetica.com\/index.php\/wp-json\/wp\/v2\/media\/1959"}],"wp:attachment":[{"href":"https:\/\/belsancosmetica.com\/index.php\/wp-json\/wp\/v2\/media?parent=148"}],"wp:term":[{"taxonomy":"product_cat","embeddable":true,"href":"https:\/\/belsancosmetica.com\/index.php\/wp-json\/wp\/v2\/product_cat?post=148"},{"taxonomy":"product_tag","embeddable":true,"href":"https:\/\/belsancosmetica.com\/index.php\/wp-json\/wp\/v2\/product_tag?post=148"}],"curies":[{"name":"wp","href":"https:\/\/api.w.org\/{rel}","templated":true}]}}