{"id":145,"date":"2021-02-06T13:10:16","date_gmt":"2021-02-06T13:10:16","guid":{"rendered":"https:\/\/klbtheme.com\/cosmetsy\/?post_type=product&#038;p=145"},"modified":"2024-10-10T15:34:38","modified_gmt":"2024-10-10T15:34:38","slug":"hydrating-camo-concealer","status":"publish","type":"product","link":"https:\/\/belsancosmetica.com\/index.php\/product\/hydrating-camo-concealer\/","title":{"rendered":"PROTECTOR SOLAR FPS 30  crema 125ml"},"content":{"rendered":"<div class=\"page\" title=\"Page 1\">\n<div class=\"section\">\n<div class=\"layoutArea\">\n<div class=\"column\">\n<p>Ingredientes Activos:<br \/>\nManteca de Karite\u0301 orga\u0301nica: le da un sensorial riqui\u0301simo, es regenerador natural, previene el envejecimiento de la piel, tiene poder hidratante y nutritivo en rostro y cuerpo, deja la piel muy suave, Ayuda a proteger la piel de las radiaciones UVB y UVA.<\/p>\n<p>Aceite de coco Orga\u0301nico: tiene propiedades anti microbianas, es antioxidantes, protege la piel de los rayos UV, combate infecciones de la piel, es un humectante natural.<\/p>\n<p>Cale\u0301ndula: con propiedades antise\u0301pticas, cicatrizante, se utiliza para diferentes afecciones de lapielcomo irritaciones, quemaduras de sol, infecciones cuta\u0301neas<\/p>\n<p>Aloe vera: contiene vitaminas A, B, C, muci\u0301lagos, minerales, aceites y aminoa\u0301cidos, es antiinflamatoria, reduce la inflamacio\u0301n, favorece la regeneracio\u0301n celular, calma las pieles quemadas, es analge\u0301sica, hidratante y refrescante<\/p>\n<p>Extracto de Te\u0301 Verde: es un antioxidante, u\u0301til en pieles enrojecidas<\/p>\n<p>Modo de uso: Agite antes de usarse y aplique en el rostro y cuerpo 20 a 30 min. Antes de exponerse al sol (la dosis adecuada para el cuerpo de un adulto es de 30ml. aprox. Si la cantidad usada no es adecuada la proteccio\u0301n se reduce), reaplicar el producto cada 2 a 3 horas o despue\u0301s de sudar, nadar, ban\u0303arse o secarse con toalla.<\/p>\n<div class=\"page\" title=\"Page 2\">\n<div class=\"section\">\n<div class=\"layoutArea\">\n<div class=\"column\">\n<p>Precauciones: Solo para uso externo. Mante\u0301ngase fuera del alcance de los nin\u0303os. Evite el contacto con los ojos. Si presenta hipersensibilidad a alguno de los componentes de la formula suspenda su uso y consulte a su me\u0301dico. Debera\u0301 evitarse la aplicacio\u0301n en zonas con lesio\u0301n expuesta. Mantenga el producto en un lugar fresco y seco y alejado del calor Intenso.<\/p>\n<p>*No olvide aplicar en el empeine.<br \/>\n*Si olvido aplicar protector solar o no fue suficiente y esta quemado o ardido, aplique el Gel de Aloe<\/p>\n<p>Vera marca Lenitive que le calmara y refrescara la piel Contenido neto: 125ml.<\/p>\n<\/div>\n<\/div>\n<\/div>\n<\/div>\n<\/div>\n<div class=\"page\" title=\"Page 1\">\n<div class=\"section\">\n<div class=\"layoutArea\">\n<div class=\"column\">\n<p>CLAIMS:<\/p>\n<ul>\n<li>Alta Proteccio\u0301n, Previene y Protege de Quemaduras solares<\/li>\n<li>Protege de los Rayo UVA y UVB<\/li>\n<li>Previene el Envejecimiento Prematuro Causado por la Exposicio\u0301nal Sol<\/li>\n<li>Para Uso de Toda la Familia<\/li>\n<li>El Uso Frecuente de Protector Solar Evita Ca\u0301ncer de la Piel<\/li>\n<li>Tacto Sedoso<\/li>\n<li>Resistente al Agua<\/li>\n<li>Libre de Parabenos<\/li>\n<li>No Probado en Animales<\/li>\n<\/ul>\n<\/div>\n<\/div>\n<\/div>\n<\/div>\n<\/div>\n<\/div>\n<\/div>\n","protected":false},"excerpt":{"rendered":"<div class=\"page\" title=\"Page 1\">\n<div class=\"section\">\n<div class=\"layoutArea\">\n<div class=\"column\">\n<p><span style=\"font-weight: 400;\">El protector solar FPS 30 Lenitive es una crema de uso t\u00f3pico que te servir\u00e1 como auxiliar en el cuidado diario de la piel (todo tipo de piel). Contiene activos de alta protecci\u00f3n para prevenir las quemaduras solares, enfermedades de la piel y exposici\u00f3n a los rayos UVA y UVB, causantes del envejecimiento prematuro de nuestra piel.\u00a0<\/span><\/p>\n<p><span style=\"font-weight: 400;\">No tienes que esperar las vacaciones en la playa para protegerte, \u00fasalo diariamente para tu cuidado personal y el de tu familia y comprueba los resultados, seguro te lo agradecer\u00e1n.<\/span><\/p>\n<p><img fetchpriority=\"high\" decoding=\"async\" class=\"alignnone wp-image-2280 size-full\" src=\"http:\/\/belsancosmetica.com\/wp-content\/uploads\/2023\/05\/Sellos.jpg\" alt=\"\" width=\"800\" height=\"168\" srcset=\"https:\/\/belsancosmetica.com\/wp-content\/uploads\/2023\/05\/Sellos.jpg 800w, https:\/\/belsancosmetica.com\/wp-content\/uploads\/2023\/05\/Sellos-300x63.jpg 300w, https:\/\/belsancosmetica.com\/wp-content\/uploads\/2023\/05\/Sellos-768x161.jpg 768w, https:\/\/belsancosmetica.com\/wp-content\/uploads\/2023\/05\/Sellos-90x19.jpg 90w\" sizes=\"(max-width: 800px) 100vw, 800px\" \/><\/p>\n<div class=\"descuentos\">\n<p><strong>DESCUENTOS:<\/strong><strong>15% a partir de 2,000 pesos &#8211; Usa el c\u00f3digo: <em>distribuidor15<\/em> en el checkout<\/strong><\/p>\n<p><strong>30% a partir de 6,000 pesos &#8211; Usa el c\u00f3digo: <em>distribuidor30<\/em> en el checkout<\/strong><\/p>\n<p><strong>40% a partir de 10,000 pesos &#8211; Usa el c\u00f3digo: <em>distribuidor40<\/em> en el checkout<\/strong><\/p>\n<\/div>\n<\/div>\n<\/div>\n<\/div>\n<\/div>\n","protected":false},"featured_media":2147,"comment_status":"open","ping_status":"closed","template":"","meta":{"_themeisle_gutenberg_block_has_review":false},"product_cat":[92],"product_tag":[],"class_list":{"0":"post-145","1":"product","2":"type-product","3":"status-publish","4":"has-post-thumbnail","6":"product_cat-lenitive-terapeuticos","8":"first","9":"instock","10":"shipping-taxable","11":"purchasable","12":"product-type-simple"},"aioseo_notices":[],"_links":{"self":[{"href":"https:\/\/belsancosmetica.com\/index.php\/wp-json\/wp\/v2\/product\/145","targetHints":{"allow":["GET"]}}],"collection":[{"href":"https:\/\/belsancosmetica.com\/index.php\/wp-json\/wp\/v2\/product"}],"about":[{"href":"https:\/\/belsancosmetica.com\/index.php\/wp-json\/wp\/v2\/types\/product"}],"replies":[{"embeddable":true,"href":"https:\/\/belsancosmetica.com\/index.php\/wp-json\/wp\/v2\/comments?post=145"}],"wp:featuredmedia":[{"embeddable":true,"href":"https:\/\/belsancosmetica.com\/index.php\/wp-json\/wp\/v2\/media\/2147"}],"wp:attachment":[{"href":"https:\/\/belsancosmetica.com\/index.php\/wp-json\/wp\/v2\/media?parent=145"}],"wp:term":[{"taxonomy":"product_cat","embeddable":true,"href":"https:\/\/belsancosmetica.com\/index.php\/wp-json\/wp\/v2\/product_cat?post=145"},{"taxonomy":"product_tag","embeddable":true,"href":"https:\/\/belsancosmetica.com\/index.php\/wp-json\/wp\/v2\/product_tag?post=145"}],"curies":[{"name":"wp","href":"https:\/\/api.w.org\/{rel}","templated":true}]}}