{"id":142,"date":"2021-02-06T13:05:49","date_gmt":"2021-02-06T13:05:49","guid":{"rendered":"https:\/\/klbtheme.com\/cosmetsy\/?post_type=product&#038;p=142"},"modified":"2024-10-10T15:35:00","modified_gmt":"2024-10-10T15:35:00","slug":"beautifully-bare-foundation-serum","status":"publish","type":"product","link":"https:\/\/belsancosmetica.com\/index.php\/product\/beautifully-bare-foundation-serum\/","title":{"rendered":"SPRAY SANITIZANTE DE MANOS Y SUPERFICIES  500ml (con aceites esenciales)"},"content":{"rendered":"<div class=\"page\" title=\"Page 1\">\n<div class=\"section\">\n<div class=\"layoutArea\">\n<div class=\"column\">\n<p>Ingredientes: agua, glicerina, mezcla de cloruros de alquilbencil dimetil amonio, polisorbato 20, alcohol eti\u0301lico, propilenglicol, phenoxietanol, aceites esenciales.<\/p>\n<p>Modo de uso: Rocie\u0301 este spray en manos o superficies de 3 a 4 veces al di\u0301a. Para sanitizar equipos electro\u0301nicos, rociar de este producto en un trapo y limpiar con e\u0301l, nunca rociar directamente.<\/p>\n<p>Precauciones: Solo para uso externo. Mante\u0301ngase fuera del alcance de los nin\u0303os. Evite el contacto con los ojos. Si presenta hipersensibilidad a alguno de los componentes de la formula suspenda su uso y consulte a su me\u0301dico. Mantenga el producto en un lugar fresco y seco.<\/p>\n<p>Contenido neto: 500ml.<\/p>\n<div class=\"page\" title=\"Page 1\">\n<div class=\"section\">\n<div class=\"layoutArea\">\n<div class=\"column\">\n<p>BENEFICIOS:<\/p>\n<ul>\n<li>Protege hasta el 99.9% virus y bacterias<\/li>\n<li>Cuaternario de amonio de 1a generacio\u0301n y de amplio espectro<\/li>\n<li>Listo para usarse<\/li>\n<li>Poder germicida contra casi todas las bacterias, hongosfilamentosos y protozoos, asi\u0301 como bacterias pato\u0301genas.<\/li>\n<li>Con aroma y humectacio\u0301n<\/li>\n<li>Uso en Manos y Superficies<\/li>\n<li>Contiene Aceites Esenciales<\/li>\n<li>Fo\u0301rmula Libre de parabenos<\/li>\n<li>No Probado en Animales<\/li>\n<\/ul>\n<\/div>\n<\/div>\n<\/div>\n<\/div>\n<\/div>\n<\/div>\n<\/div>\n<\/div>\n","protected":false},"excerpt":{"rendered":"<p><span style=\"font-weight: 400;\">Alguna vez has deseado desinfectar tu escritorio o \u00e1rea de trabajo de manera r\u00e1pida y eficiente? Puede con el spray sanitizante de manos y superficies de Bel San cosm\u00e9tica tienes una excelente opci\u00f3n. Con su poder germicida contra casi todas las bacterias, hongos filamentosos, protozoos y bacterias pat\u00f3genas acompa\u00f1ado de un aroma fresco y limpio, este sanitizante protege tus superficies hasta en un 99.9% a la vez que desinfecta y brinda una ligera humectaci\u00f3n a tus manos.<\/span><\/p>\n<p><img fetchpriority=\"high\" decoding=\"async\" class=\"alignnone wp-image-2280 size-full\" src=\"http:\/\/belsancosmetica.com\/wp-content\/uploads\/2023\/05\/Sellos.jpg\" alt=\"\" width=\"800\" height=\"168\" srcset=\"https:\/\/belsancosmetica.com\/wp-content\/uploads\/2023\/05\/Sellos.jpg 800w, https:\/\/belsancosmetica.com\/wp-content\/uploads\/2023\/05\/Sellos-300x63.jpg 300w, https:\/\/belsancosmetica.com\/wp-content\/uploads\/2023\/05\/Sellos-768x161.jpg 768w, https:\/\/belsancosmetica.com\/wp-content\/uploads\/2023\/05\/Sellos-90x19.jpg 90w\" sizes=\"(max-width: 800px) 100vw, 800px\" \/><\/p>\n<div class=\"descuentos\">\n<p><strong>DESCUENTOS:<\/strong><strong>15% a partir de 2,000 pesos &#8211; Usa el c\u00f3digo: <em>distribuidor15<\/em> en el checkout<\/strong><\/p>\n<p><strong>30% a partir de 6,000 pesos &#8211; Usa el c\u00f3digo: <em>distribuidor30<\/em> en el checkout<\/strong><\/p>\n<p><strong>40% a partir de 10,000 pesos &#8211; Usa el c\u00f3digo: <em>distribuidor40<\/em> en el checkout<\/strong><\/p>\n<\/div>\n","protected":false},"featured_media":2152,"comment_status":"open","ping_status":"closed","template":"","meta":{"_themeisle_gutenberg_block_has_review":false},"product_cat":[92],"product_tag":[],"class_list":{"0":"post-142","1":"product","2":"type-product","3":"status-publish","4":"has-post-thumbnail","6":"product_cat-lenitive-terapeuticos","8":"first","9":"instock","10":"sale","11":"shipping-taxable","12":"purchasable","13":"product-type-simple"},"aioseo_notices":[],"_links":{"self":[{"href":"https:\/\/belsancosmetica.com\/index.php\/wp-json\/wp\/v2\/product\/142","targetHints":{"allow":["GET"]}}],"collection":[{"href":"https:\/\/belsancosmetica.com\/index.php\/wp-json\/wp\/v2\/product"}],"about":[{"href":"https:\/\/belsancosmetica.com\/index.php\/wp-json\/wp\/v2\/types\/product"}],"replies":[{"embeddable":true,"href":"https:\/\/belsancosmetica.com\/index.php\/wp-json\/wp\/v2\/comments?post=142"}],"wp:featuredmedia":[{"embeddable":true,"href":"https:\/\/belsancosmetica.com\/index.php\/wp-json\/wp\/v2\/media\/2152"}],"wp:attachment":[{"href":"https:\/\/belsancosmetica.com\/index.php\/wp-json\/wp\/v2\/media?parent=142"}],"wp:term":[{"taxonomy":"product_cat","embeddable":true,"href":"https:\/\/belsancosmetica.com\/index.php\/wp-json\/wp\/v2\/product_cat?post=142"},{"taxonomy":"product_tag","embeddable":true,"href":"https:\/\/belsancosmetica.com\/index.php\/wp-json\/wp\/v2\/product_tag?post=142"}],"curies":[{"name":"wp","href":"https:\/\/api.w.org\/{rel}","templated":true}]}}