{"id":139,"date":"2021-02-06T13:01:43","date_gmt":"2021-02-06T13:01:43","guid":{"rendered":"https:\/\/klbtheme.com\/cosmetsy\/?post_type=product&#038;p=139"},"modified":"2024-10-10T15:35:29","modified_gmt":"2024-10-10T15:35:29","slug":"mineral-infused-face-primer","status":"publish","type":"product","link":"https:\/\/belsancosmetica.com\/index.php\/product\/mineral-infused-face-primer\/","title":{"rendered":"JARABE DE PROP\u00d3LEO Y BUGAMBILIA 240ml. (320g.)"},"content":{"rendered":"<div class=\"page\" title=\"Page 1\">\n<div class=\"layoutArea\">\n<div class=\"column\">\n<p>Modo de uso: Adultos: Tomar 1 cucharada sopera cada 2 a 3 horas Nin\u0303os de 4 a 12 an\u0303os: tomar una cucharada cafetera cada 2 a 3 horas<\/p>\n<p>*Para mejores resultados agregue de 2 a 3 cucharadas en un te\u0301 de su preferencia y to\u0301melo 2 veces al di\u0301a.<\/p>\n<p>PROPIEDADES DEL PROPO\u0301LEO: Es antibacterial, antiviral, inmuno estimulante, antiinflamatorio, cicatrizante y ligeramente analge\u0301sico, ayuda a combatir los estados gripales, u\u0301til en Anginas, Faringitis, Laringitis, Aftas bucales<\/p>\n<div class=\"page\" title=\"Page 1\">\n<div class=\"section\">\n<div class=\"layoutArea\">\n<div class=\"column\">\n<p>PROPIEDADES DE LA BUGAMBILIA: Es Antitusi\u0301gena: Calma la tos de manera casi inmediata, es expectorante, limpia los pulmones, es febri\u0301fuga (trata la fiebre de manera natural), elimina las mucosidades, mejora la respiracio\u0301n.<\/p>\n<p>PROPIEDADES DEL AJO: actu\u0301a como expectorante, posee propiedades antibio\u0301ticas naturales, mejora las vi\u0301as respiratorias<\/p>\n<\/div>\n<\/div>\n<\/div>\n<\/div>\n<p>Precauciones: Este producto no es un medicamento, No se administre a pacientes diabe\u0301ticos sin supervisio\u0301n me\u0301dica, No se administre a nin\u0303os menores de 2 an\u0303os, No se use si es intolerante o sensible a alguno de los componentes de la formula, Consulte a su me\u0301dico antes de tomar cualquier suplemento alimenticio, Mujeres embarazadas o lactando deberi\u0301an consultar un me\u0301dico antes de usar cualquier producto, mante\u0301ngase fuera del alcance de los nin\u0303os, mantenga el envase bien tapado, mante\u0301ngase en un lugar fresco y seco, no se exponga al calor intenso.<\/p>\n<p>Contenido Neto: 240ml.<\/p>\n<\/div>\n<\/div>\n<\/div>\n","protected":false},"excerpt":{"rendered":"<p><span style=\"font-weight: 400;\">El jarabe de Prop\u00f3leo y Bugambilia Lenitive, es un producto natural de administraci\u00f3n oral, auxiliar en el tratamiento de gripas, resfriado y tos; apto para toda la familia. Para esas \u00e9pocas de invierno, no te quedes sin el tuyo!<\/span><\/p>\n<p><img fetchpriority=\"high\" decoding=\"async\" class=\"alignnone wp-image-2280 size-full\" src=\"http:\/\/belsancosmetica.com\/wp-content\/uploads\/2023\/05\/Sellos.jpg\" alt=\"\" width=\"800\" height=\"168\" srcset=\"https:\/\/belsancosmetica.com\/wp-content\/uploads\/2023\/05\/Sellos.jpg 800w, https:\/\/belsancosmetica.com\/wp-content\/uploads\/2023\/05\/Sellos-300x63.jpg 300w, https:\/\/belsancosmetica.com\/wp-content\/uploads\/2023\/05\/Sellos-768x161.jpg 768w, https:\/\/belsancosmetica.com\/wp-content\/uploads\/2023\/05\/Sellos-90x19.jpg 90w\" sizes=\"(max-width: 800px) 100vw, 800px\" \/><\/p>\n<div class=\"descuentos\">\n<p><strong>DESCUENTOS:<\/strong><strong>15% a partir de 2,000 pesos &#8211; Usa el c\u00f3digo: <em>distribuidor15<\/em> en el checkout<\/strong><\/p>\n<p><strong>30% a partir de 6,000 pesos &#8211; Usa el c\u00f3digo: <em>distribuidor30<\/em> en el checkout<\/strong><\/p>\n<p><strong>40% a partir de 10,000 pesos &#8211; Usa el c\u00f3digo: <em>distribuidor40<\/em> en el checkout<\/strong><\/p>\n<\/div>\n","protected":false},"featured_media":2153,"comment_status":"open","ping_status":"closed","template":"","meta":{"_themeisle_gutenberg_block_has_review":false},"product_cat":[92],"product_tag":[],"class_list":{"0":"post-139","1":"product","2":"type-product","3":"status-publish","4":"has-post-thumbnail","6":"product_cat-lenitive-terapeuticos","8":"first","9":"instock","10":"shipping-taxable","11":"purchasable","12":"product-type-simple"},"aioseo_notices":[],"_links":{"self":[{"href":"https:\/\/belsancosmetica.com\/index.php\/wp-json\/wp\/v2\/product\/139","targetHints":{"allow":["GET"]}}],"collection":[{"href":"https:\/\/belsancosmetica.com\/index.php\/wp-json\/wp\/v2\/product"}],"about":[{"href":"https:\/\/belsancosmetica.com\/index.php\/wp-json\/wp\/v2\/types\/product"}],"replies":[{"embeddable":true,"href":"https:\/\/belsancosmetica.com\/index.php\/wp-json\/wp\/v2\/comments?post=139"}],"wp:featuredmedia":[{"embeddable":true,"href":"https:\/\/belsancosmetica.com\/index.php\/wp-json\/wp\/v2\/media\/2153"}],"wp:attachment":[{"href":"https:\/\/belsancosmetica.com\/index.php\/wp-json\/wp\/v2\/media?parent=139"}],"wp:term":[{"taxonomy":"product_cat","embeddable":true,"href":"https:\/\/belsancosmetica.com\/index.php\/wp-json\/wp\/v2\/product_cat?post=139"},{"taxonomy":"product_tag","embeddable":true,"href":"https:\/\/belsancosmetica.com\/index.php\/wp-json\/wp\/v2\/product_tag?post=139"}],"curies":[{"name":"wp","href":"https:\/\/api.w.org\/{rel}","templated":true}]}}