{"id":136,"date":"2021-02-06T12:43:36","date_gmt":"2021-02-06T12:43:36","guid":{"rendered":"https:\/\/klbtheme.com\/cosmetsy\/?post_type=product&#038;p=136"},"modified":"2026-04-14T16:00:34","modified_gmt":"2026-04-14T16:00:34","slug":"skinny-dip","status":"publish","type":"product","link":"https:\/\/belsancosmetica.com\/index.php\/product\/skinny-dip\/","title":{"rendered":"SUERO NOCTURNO DE C\u00c9LULAS MADRE ARG\u00c1N 30ml."},"content":{"rendered":"<div class=\"page\" title=\"Page 1\">\n<div class=\"layoutArea\">\n<div class=\"column\">\n<div class=\"page\" title=\"Page 1\">\n<div class=\"layoutArea\">\n<div class=\"column\">\n<ul>\n<li>Mejora la textura de la piel<\/li>\n<li>Ultra lifting<\/li>\n<li>Ma\u0301s firme y radiante<\/li>\n<li>Hidratacio\u0301n intensa<\/li>\n<li>Proporciona un efecto rellenador de arrugas<\/li>\n<li>Hipo alerge\u0301nica<\/li>\n<li>Contiene Oligoelementos y Pe\u0301ptidos<\/li>\n<li>Con Activo rellenador de arrugas<\/li>\n<li>No comedoge\u0301nico<\/li>\n<li>Libre de parabenos<\/li>\n<\/ul>\n<\/div>\n<\/div>\n<\/div>\n<p>Ingredientes activos: Ingredientes Activos: Extracto de cultivo celular de brotes de Arga\u0301n (argania Spinoza), Acacia Senegal, Extracto de ce\u0301lulas madre de manzana (Malus dome\u0301stica), semilla de Uva (vitis vini\u0301fera), acetil hexape\u0301ptido, Vitamina E acetato de Tocoferol, Palmitato de Vitamina A, Oligoelementos, Alantoi\u0301na, Acido hialuro\u0301nico, palmitoil tetrape\u0301ptido-7, protei\u0301na hidrolizada de trigo, (Contiene adema\u0301s 5 activos anti edad)<\/p>\n<p>Modo de uso: Aplique dos push en rostro y cuello perfectamente limpios, distribuya el suero con movimientos suaves y ascendentes hasta que el producto penetre, aplique por las noches antes de dormir y si lo desea tambie\u0301n por la man\u0303ana antes de su crema de di\u0301a.<\/p>\n<p>Precauciones: para uso to\u0301pico, mante\u0301ngase fuera del alcance de los nin\u0303os, mantenga el envase bien tapado, si presenta alguna reaccio\u0301n adversa suspenda su uso, mante\u0301ngase en un lugar fresco y seco, no se exponga al calor intenso.<\/p>\n<p>Con Ce\u0301lulas Madre de Arga\u0301n.-Es un activo reconstructor de la piel, mejora la<br \/>\nprofundidad de las arrugas, incrementa la renovacio\u0301n celular, Arga\u0301n es el primer<br \/>\ningrediente activo capaz de proteger y revitalizar las ce\u0301lulas de la epidermis. Esto no so\u0301lo ayuda a acelerar el proceso natural de reparacio\u0301n de la piel sino que tambie\u0301n ayuda contra el envejecimiento cuta\u0301neo desde la rai\u0301z, mejora la capacidad regeneradora de la dermis.<\/p>\n<p>Con Ce\u0301lulas madre de Manzana verde.-El uso de ce\u0301lulas madre vegetales puede retardar el envejecimiento cuta\u0301neo protegiendo las ce\u0301lulas madre esenciales de la piel, prolongando el aspecto fresco y juvenil de la piel.<\/p>\n<p>Contenido Neto: 30ml.<\/p>\n<\/div>\n<\/div>\n<\/div>\n","protected":false},"excerpt":{"rendered":"<p>El suero facial de Arg\u00e1n Bel San, es un suero nocturno de uso t\u00f3pico, ultra lifting, perfecto para el cuidado de tu piel. Contiene una concentraci\u00f3n de c\u00e9lulas madre de manzana verde (Malus domestica) y Celulas madre de Arg\u00e1n; ambos activos reconstructores de la piel que incrementan la renovaci\u00f3n celular y disminuye la profundidad de las arrugas con su efecto rellenador. El Arg\u00e1n, es el primer ingrediente activo capaz de proteger y revitalizar las c\u00e9lulas de la epidermis. Esto no s\u00f3lo ayuda a acelerar el proceso natural de reparaci\u00f3n de la piel sino que tambi\u00e9n previene el envejecimiento cut\u00e1neo desde la ra\u00edz, mejorando la capacidad regeneradora de la dermis y prolongando un aspecto m\u00e1s fresco y juvenil. Adem\u00e1s contiene activos anti edad, col\u00e1geno y elastina. No produce comedones y es libre de parabenos.<\/p>\n<p><img fetchpriority=\"high\" decoding=\"async\" class=\"alignnone wp-image-2280 size-full\" src=\"http:\/\/belsancosmetica.com\/wp-content\/uploads\/2023\/05\/Sellos.jpg\" alt=\"\" width=\"800\" height=\"168\" srcset=\"https:\/\/belsancosmetica.com\/wp-content\/uploads\/2023\/05\/Sellos.jpg 800w, https:\/\/belsancosmetica.com\/wp-content\/uploads\/2023\/05\/Sellos-300x63.jpg 300w, https:\/\/belsancosmetica.com\/wp-content\/uploads\/2023\/05\/Sellos-768x161.jpg 768w, https:\/\/belsancosmetica.com\/wp-content\/uploads\/2023\/05\/Sellos-90x19.jpg 90w\" sizes=\"(max-width: 800px) 100vw, 800px\" \/><\/p>\n<div class=\"descuentos\">\n<p><strong>DESCUENTOS:<\/strong><strong>15% a partir de 2,000 pesos &#8211; Usa el c\u00f3digo: <em>distribuidor15<\/em> en el checkout<\/strong><\/p>\n<p><strong>30% a partir de 6,000 pesos &#8211; Usa el c\u00f3digo: <em>distribuidor30<\/em> en el checkout<\/strong><\/p>\n<p><strong>40% a partir de 10,000 pesos &#8211; Usa el c\u00f3digo: <em>distribuidor40<\/em> en el checkout<\/strong><\/p>\n<\/div>\n","protected":false},"featured_media":2154,"comment_status":"open","ping_status":"closed","template":"","meta":{"_themeisle_gutenberg_block_has_review":false},"product_cat":[94],"product_tag":[],"class_list":{"0":"post-136","1":"product","2":"type-product","3":"status-publish","4":"has-post-thumbnail","6":"product_cat-belsan-belleza","8":"first","9":"instock","10":"shipping-taxable","11":"purchasable","12":"product-type-simple"},"aioseo_notices":[],"_links":{"self":[{"href":"https:\/\/belsancosmetica.com\/index.php\/wp-json\/wp\/v2\/product\/136","targetHints":{"allow":["GET"]}}],"collection":[{"href":"https:\/\/belsancosmetica.com\/index.php\/wp-json\/wp\/v2\/product"}],"about":[{"href":"https:\/\/belsancosmetica.com\/index.php\/wp-json\/wp\/v2\/types\/product"}],"replies":[{"embeddable":true,"href":"https:\/\/belsancosmetica.com\/index.php\/wp-json\/wp\/v2\/comments?post=136"}],"wp:featuredmedia":[{"embeddable":true,"href":"https:\/\/belsancosmetica.com\/index.php\/wp-json\/wp\/v2\/media\/2154"}],"wp:attachment":[{"href":"https:\/\/belsancosmetica.com\/index.php\/wp-json\/wp\/v2\/media?parent=136"}],"wp:term":[{"taxonomy":"product_cat","embeddable":true,"href":"https:\/\/belsancosmetica.com\/index.php\/wp-json\/wp\/v2\/product_cat?post=136"},{"taxonomy":"product_tag","embeddable":true,"href":"https:\/\/belsancosmetica.com\/index.php\/wp-json\/wp\/v2\/product_tag?post=136"}],"curies":[{"name":"wp","href":"https:\/\/api.w.org\/{rel}","templated":true}]}}