{"id":112,"date":"2021-02-06T13:56:44","date_gmt":"2021-02-06T13:56:44","guid":{"rendered":"https:\/\/klbtheme.com\/cosmetsy\/?post_type=product&#038;p=112"},"modified":"2025-06-06T15:16:51","modified_gmt":"2025-06-06T15:16:51","slug":"body-hydrating-cream","status":"publish","type":"product","link":"https:\/\/belsancosmetica.com\/index.php\/product\/body-hydrating-cream\/","title":{"rendered":"GEL DE ALOE VERA 250ml."},"content":{"rendered":"<div class=\"page\" title=\"Page 1\">\n<div class=\"section\">\n<div class=\"layoutArea\">\n<div class=\"column\">\n<div class=\"page\" title=\"Page 1\">\n<div class=\"section\">\n<div class=\"layoutArea\">\n<div class=\"column\">\n<p>Ingredientes Activos: Jugo de Aloe Vera (extrai\u0301do de la planta), matricaria chamomilla (manzanilla), cale\u0301ndula officinalis (cale\u0301ndula), mimosa tenuiflora (tepezcohuite), avena sa\u0301tiva (avena), bisabolol, vitamina E, aceites esenciales.<\/p>\n<p>Modo de uso: Uso Facial y Corporal, agi\u0301tese antes de usarse, Aplique cantidad suficiente en la parte afectada, u\u0301selo 2 a 3 veces al di\u0301a o despue\u0301s de asolearse, como hidratante, li\u0301neas de expresio\u0301n y en casos de piel irritada, y con quemaduras de cualquier tipo.<\/p>\n<p>Precauciones: Solo para uso externo. Mante\u0301ngase fuera del alcance de los nin\u0303os. Evite el contacto con los ojos. Si presenta hipersensibilidad a alguno de los componentes de la formula suspenda su uso y consulte a su me\u0301dico. Mantenga el producto en un lugar fresco y seco.<\/p>\n<p>Contenido neto: 250ml.<\/p>\n<\/div>\n<\/div>\n<\/div>\n<\/div>\n<ul>\n<li>Refrescante y Amigable con el Ambiente<\/li>\n<li>Contiene alta concentracio\u0301n de Jugo de Aloe Vera Natural (extrai\u0301dode la planta)<\/li>\n<li>U\u0301til como Calmante en Depilacio\u0301n o Rasurado<\/li>\n<li>Aplicado en a\u0301reas indicadas puede ser muy u\u0301til contra Estri\u0301as o paraprevenir las mismas<\/li>\n<li>Con Antioxidantes y Clorofila<\/li>\n<li>En el Rostro Previene Li\u0301neas de Expresio\u0301n<\/li>\n<li>Formula libre de Qui\u0301micos<\/li>\n<li>Contiene jojoba y aceites esenciales<\/li>\n<li>Libre de Parabenos<\/li>\n<li>No Probado en Animales<\/li>\n<\/ul>\n<\/div>\n<\/div>\n<\/div>\n<\/div>\n","protected":false},"excerpt":{"rendered":"<div class=\"page\" title=\"Page 1\">\n<div class=\"section\">\n<div class=\"layoutArea\">\n<div class=\"column\">\n<p><span style=\"font-weight: 400;\">\u00a0El Gel Aloe Vera 100% natural Lenitive, es un hidratante terap\u00e9utico de uso t\u00f3pico. Contiene jugo de Aloe Vera y antioxidantes que trabajaran sobre nuestra piel con acci\u00f3n regenerativa, antis\u00e9ptica, anti inflamatoria, cicatrizante, calmante y refrescante.\u00a0\u00a0<\/span><\/p>\n<p><span style=\"font-weight: 400;\">Se trata de una formula libre de parabenos y otras sustancias da\u00f1inas para nuestra piel. \u00dasala como hidratante facial y corporal as\u00ed como para quemaduras de cualquier tipo, irritaciones, alergias y salpullidos leves.<\/span><\/p>\n<p><img fetchpriority=\"high\" decoding=\"async\" class=\"alignnone wp-image-2280 size-full\" src=\"http:\/\/belsancosmetica.com\/wp-content\/uploads\/2023\/05\/Sellos.jpg\" alt=\"\" width=\"800\" height=\"168\" srcset=\"https:\/\/belsancosmetica.com\/wp-content\/uploads\/2023\/05\/Sellos.jpg 800w, https:\/\/belsancosmetica.com\/wp-content\/uploads\/2023\/05\/Sellos-300x63.jpg 300w, https:\/\/belsancosmetica.com\/wp-content\/uploads\/2023\/05\/Sellos-768x161.jpg 768w, https:\/\/belsancosmetica.com\/wp-content\/uploads\/2023\/05\/Sellos-90x19.jpg 90w\" sizes=\"(max-width: 800px) 100vw, 800px\" \/><\/p>\n<div class=\"descuentos\">\n<p><strong>DESCUENTOS:<\/strong><strong>15% a partir de 2,000 pesos &#8211; Usa el c\u00f3digo: <em>distribuidor15<\/em> en el checkout<\/strong><\/p>\n<p><strong>30% a partir de 6,000 pesos &#8211; Usa el c\u00f3digo: <em>distribuidor30<\/em> en el checkout<\/strong><\/p>\n<p><strong>40% a partir de 10,000 pesos &#8211; Usa el c\u00f3digo: <em>distribuidor40<\/em> en el checkout<\/strong><\/p>\n<\/div>\n<\/div>\n<\/div>\n<\/div>\n<\/div>\n","protected":false},"featured_media":2148,"comment_status":"open","ping_status":"closed","template":"","meta":{"_themeisle_gutenberg_block_has_review":false},"product_cat":[92],"product_tag":[],"class_list":{"0":"post-112","1":"product","2":"type-product","3":"status-publish","4":"has-post-thumbnail","6":"product_cat-lenitive-terapeuticos","8":"first","9":"instock","10":"shipping-taxable","11":"purchasable","12":"product-type-simple"},"aioseo_notices":[],"_links":{"self":[{"href":"https:\/\/belsancosmetica.com\/index.php\/wp-json\/wp\/v2\/product\/112","targetHints":{"allow":["GET"]}}],"collection":[{"href":"https:\/\/belsancosmetica.com\/index.php\/wp-json\/wp\/v2\/product"}],"about":[{"href":"https:\/\/belsancosmetica.com\/index.php\/wp-json\/wp\/v2\/types\/product"}],"replies":[{"embeddable":true,"href":"https:\/\/belsancosmetica.com\/index.php\/wp-json\/wp\/v2\/comments?post=112"}],"wp:featuredmedia":[{"embeddable":true,"href":"https:\/\/belsancosmetica.com\/index.php\/wp-json\/wp\/v2\/media\/2148"}],"wp:attachment":[{"href":"https:\/\/belsancosmetica.com\/index.php\/wp-json\/wp\/v2\/media?parent=112"}],"wp:term":[{"taxonomy":"product_cat","embeddable":true,"href":"https:\/\/belsancosmetica.com\/index.php\/wp-json\/wp\/v2\/product_cat?post=112"},{"taxonomy":"product_tag","embeddable":true,"href":"https:\/\/belsancosmetica.com\/index.php\/wp-json\/wp\/v2\/product_tag?post=112"}],"curies":[{"name":"wp","href":"https:\/\/api.w.org\/{rel}","templated":true}]}}